{"id":137,"date":"2024-02-22T12:43:53","date_gmt":"2024-02-22T12:43:53","guid":{"rendered":"https:\/\/innovopq.com\/tienda\/?post_type=product&#038;p=137"},"modified":"2024-03-21T15:26:43","modified_gmt":"2024-03-21T15:26:43","slug":"impresora-fiscal-hka80","status":"publish","type":"product","link":"https:\/\/innovopq.com\/tienda\/producto\/impresora-fiscal-hka80\/","title":{"rendered":"Impresora Fiscal <br>HKA80"},"content":{"rendered":"<p>La\u00a0<strong>Impresora Fiscal HKA80<\/strong>\u00a0se caracteriza por su alta rapidez de impresi\u00f3n de tickets, cuenta con un dise\u00f1o robusto y seguro cumpliendo as\u00ed las normativas fiscales del pa\u00eds. La impresora posee un cortador autom\u00e1tico de papel, impresi\u00f3n de c\u00f3digos de barra en 1D y 2D, comunicaci\u00f3n v\u00eda Serial o USB tipo B para la PC, puerto para Gaveta y Display externo. Por \u00faltimo, su sistema integrado Anti-Tamper es capaz de detectar al momento que se abre el equipo y graba esa informaci\u00f3n en la memoria de auditoria, garantizando la seguridad y robustez que se requiere en una m\u00e1quina fiscal.<\/p>\n<p>Dise\u00f1o compacto y elegante, mayor rapidez de comunicaci\u00f3n y altas prestaciones en rendimiento.<\/p>\n<p>Esta impresora se ajusta a las regulaciones de ley establecidas por el SENIAT para m\u00e1quinas fiscales bajo la providencia SENIAT\/GF\/00064 de fecha 17 febrero del 2016.<\/p>\n<p>&nbsp;<\/p>\n<p><strong>Especificaciones T\u00e9cnicas:<\/strong><\/p>\n<table border=\"0\">\n<tbody>\n<tr>\n<td><strong>M\u00e9todo de Impresi\u00f3n:<\/strong><\/td>\n<td>Impresora lineal t\u00e9rmica directa.<\/td>\n<\/tr>\n<tr>\n<td><strong>Velocidad de Impresi\u00f3n:<\/strong><\/td>\n<td>230 mm\/s\u00a0<strong>(1)<\/strong>.<\/td>\n<\/tr>\n<tr>\n<td><strong>Resoluci\u00f3n:<\/strong><\/td>\n<td>203ppp\u00a0<strong>(2)<\/strong>.<\/td>\n<\/tr>\n<tr>\n<td><strong>Peso:<\/strong><\/td>\n<td>1.7Kg (sin rollo).<\/td>\n<\/tr>\n<tr>\n<td><strong>Dimensiones:<\/strong><\/td>\n<td>195 x 177 x 147 mm.<\/td>\n<\/tr>\n<tr>\n<td><strong>Papel t\u00e9rmico:<\/strong><\/td>\n<td>80mm de ancho.<\/td>\n<\/tr>\n<tr>\n<td><strong>Alimentaci\u00f3n Externa:<\/strong><\/td>\n<td>24Vcc 2A<\/td>\n<\/tr>\n<tr>\n<td><strong>Memoria Fiscal:<\/strong><\/td>\n<td>2000 reportes Z.<\/td>\n<\/tr>\n<tr>\n<td><strong>Memoria de Auditor\u00eda:<\/strong><\/td>\n<td>2GB.<\/td>\n<\/tr>\n<tr>\n<td><strong>Memoria de Trabajo:<\/strong><\/td>\n<td>256KB.<\/td>\n<\/tr>\n<tr>\n<td><strong>Puertos:<\/strong><\/td>\n<td>3 Conectores RJ11 y 1 USB Tipo B<\/td>\n<\/tr>\n<tr>\n<td><\/td>\n<td>\n<ul>\n<li>Gaveta.<\/li>\n<\/ul>\n<\/td>\n<\/tr>\n<tr>\n<td><\/td>\n<td>\n<ul>\n<li>Display.<\/li>\n<\/ul>\n<\/td>\n<\/tr>\n<tr>\n<td><\/td>\n<td>\n<ul>\n<li>PC (RJ11 \/ USB Tipo B).<\/li>\n<\/ul>\n<\/td>\n<\/tr>\n<\/tbody>\n<\/table>\n<table border=\"0\">\n<tbody>\n<tr>\n<td>Cortadora autom\u00e1tica de papel (auto-cutter).<\/td>\n<td><\/td>\n<\/tr>\n<tr>\n<td>Panel de frontal con tres LEDs indicadores de estado y un bot\u00f3n de alimentaci\u00f3n de papel.<\/td>\n<td><\/td>\n<\/tr>\n<tr>\n<td>Generaci\u00f3n de facturas, notas de cr\u00e9dito, notas de d\u00e9bito y documentos no fiscales.<\/td>\n<td><\/td>\n<\/tr>\n<tr>\n<td>Impresi\u00f3n de logos gr\u00e1ficos, c\u00f3digos de Barra (1D y 2D).<\/td>\n<td><\/td>\n<\/tr>\n<tr>\n<td>Manejo de 30 cajeros<\/td>\n<td><\/td>\n<\/tr>\n<tr>\n<td>Maneja 24 medios de pagos.<\/td>\n<td><\/td>\n<\/tr>\n<tr>\n<td>8 l\u00edneas de encabezado<\/td>\n<td><\/td>\n<\/tr>\n<tr>\n<td>8 l\u00edneas de pi\u00e9 de p\u00e1gina.<\/td>\n<td><\/td>\n<\/tr>\n<tr>\n<td>64 caracteres por l\u00ednea.<\/td>\n<td><\/td>\n<\/tr>\n<tr>\n<td>Tres (3) tasas de impuesto m\u00e1s un (1) exento.<\/td>\n<td><\/td>\n<\/tr>\n<tr>\n<td>Funciones para cambio de formato de letra fuente: tama\u00f1o, negrita, subrayado y fondo invertido.<\/td>\n<td><\/td>\n<\/tr>\n<tr>\n<td><strong>(1)<\/strong>\u00a0mm\/s = mil\u00edmetros por segundo<\/td>\n<td><\/td>\n<\/tr>\n<tr>\n<td><strong>(2)<\/strong>\u00a0ppp = puntos por pulgadas<\/td>\n<\/tr>\n<\/tbody>\n<\/table>\n","protected":false},"excerpt":{"rendered":"<p>Impresora Fiscal <strong>HKA80,<\/strong> con dispositivo interno de captura y transmisi\u00f3n de datos incluido.<\/p>\n","protected":false},"featured_media":142,"comment_status":"open","ping_status":"closed","template":"","meta":[],"product_brand":[],"product_cat":[25,24],"product_tag":[],"class_list":{"0":"post-137","1":"product","2":"type-product","3":"status-publish","4":"has-post-thumbnail","6":"product_cat-fiscales","7":"product_cat-impresoras","9":"first","10":"onbackorder","11":"taxable","12":"shipping-taxable","13":"purchasable","14":"product-type-simple"},"_links":{"self":[{"href":"https:\/\/innovopq.com\/tienda\/wp-json\/wp\/v2\/product\/137","targetHints":{"allow":["GET"]}}],"collection":[{"href":"https:\/\/innovopq.com\/tienda\/wp-json\/wp\/v2\/product"}],"about":[{"href":"https:\/\/innovopq.com\/tienda\/wp-json\/wp\/v2\/types\/product"}],"replies":[{"embeddable":true,"href":"https:\/\/innovopq.com\/tienda\/wp-json\/wp\/v2\/comments?post=137"}],"wp:featuredmedia":[{"embeddable":true,"href":"https:\/\/innovopq.com\/tienda\/wp-json\/wp\/v2\/media\/142"}],"wp:attachment":[{"href":"https:\/\/innovopq.com\/tienda\/wp-json\/wp\/v2\/media?parent=137"}],"wp:term":[{"taxonomy":"product_brand","embeddable":true,"href":"https:\/\/innovopq.com\/tienda\/wp-json\/wp\/v2\/product_brand?post=137"},{"taxonomy":"product_cat","embeddable":true,"href":"https:\/\/innovopq.com\/tienda\/wp-json\/wp\/v2\/product_cat?post=137"},{"taxonomy":"product_tag","embeddable":true,"href":"https:\/\/innovopq.com\/tienda\/wp-json\/wp\/v2\/product_tag?post=137"}],"curies":[{"name":"wp","href":"https:\/\/api.w.org\/{rel}","templated":true}]}}