{"id":152,"date":"2024-02-22T14:52:59","date_gmt":"2024-02-22T14:52:59","guid":{"rendered":"https:\/\/innovopq.com\/tienda\/?post_type=product&#038;p=152"},"modified":"2024-03-19T21:17:16","modified_gmt":"2024-03-19T21:17:16","slug":"cornetas-myo-speakers-2-0","status":"publish","type":"product","link":"https:\/\/innovopq.com\/tienda\/producto\/cornetas-myo-speakers-2-0\/","title":{"rendered":"Cornetas MYO <br> Speakers 2.0"},"content":{"rendered":"<p>Cornetas multimedia <strong>Myo Speakers 2.0<\/strong><\/p>\n<p>Las cornetas Myo Speakers 2.0, tienen un dise\u00f1o compacto y manejable, ideales para equipos PC, port\u00e1tiles o laptops o cualquier otro dispositivo de audio. Estas reciben la alimentaci\u00f3n el\u00e9ctrica a trav\u00e9s de su puerto USB y cuentan con un bot\u00f3n de encendido y control de volumen en su panel frontal.<\/p>\n<p><strong>Especificaciones T\u00e9cnicas<\/strong><\/p>\n<ul>\n<li>Alimentaci\u00f3n por puerto USB, no es necesario una fuente alterna o principal de energ\u00eda.<\/li>\n<li>Dise\u00f1o ultra delgado con indicador verde de encendido.<\/li>\n<li>Compatible con todos los equipos PC y port\u00e1tiles.<\/li>\n<li>Plug de tipo 3.5 mm.<\/li>\n<li>Control de volumen KNOB.<\/li>\n<li>Frecuencia de respuesta de 60Hz &#8211; 20Khz.<\/li>\n<li>S\/N &gt; 45db.<\/li>\n<li>\u00a0TDH 0.2%.<\/li>\n<\/ul>\n","protected":false},"excerpt":{"rendered":"<p>Cornetas multimedia <strong>Myo Speaker 2.0<\/strong> con alimentaci\u00f3n USB<\/p>\n","protected":false},"featured_media":153,"comment_status":"open","ping_status":"closed","template":"","meta":[],"product_brand":[],"product_cat":[23,30],"product_tag":[],"class_list":{"0":"post-152","1":"product","2":"type-product","3":"status-publish","4":"has-post-thumbnail","6":"product_cat-audio","7":"product_cat-cornetas","9":"first","10":"instock","11":"sale","12":"purchasable","13":"product-type-simple"},"_links":{"self":[{"href":"https:\/\/innovopq.com\/tienda\/wp-json\/wp\/v2\/product\/152","targetHints":{"allow":["GET"]}}],"collection":[{"href":"https:\/\/innovopq.com\/tienda\/wp-json\/wp\/v2\/product"}],"about":[{"href":"https:\/\/innovopq.com\/tienda\/wp-json\/wp\/v2\/types\/product"}],"replies":[{"embeddable":true,"href":"https:\/\/innovopq.com\/tienda\/wp-json\/wp\/v2\/comments?post=152"}],"wp:featuredmedia":[{"embeddable":true,"href":"https:\/\/innovopq.com\/tienda\/wp-json\/wp\/v2\/media\/153"}],"wp:attachment":[{"href":"https:\/\/innovopq.com\/tienda\/wp-json\/wp\/v2\/media?parent=152"}],"wp:term":[{"taxonomy":"product_brand","embeddable":true,"href":"https:\/\/innovopq.com\/tienda\/wp-json\/wp\/v2\/product_brand?post=152"},{"taxonomy":"product_cat","embeddable":true,"href":"https:\/\/innovopq.com\/tienda\/wp-json\/wp\/v2\/product_cat?post=152"},{"taxonomy":"product_tag","embeddable":true,"href":"https:\/\/innovopq.com\/tienda\/wp-json\/wp\/v2\/product_tag?post=152"}],"curies":[{"name":"wp","href":"https:\/\/api.w.org\/{rel}","templated":true}]}}