{"id":155,"date":"2024-02-22T19:24:02","date_gmt":"2024-02-22T19:24:02","guid":{"rendered":"https:\/\/innovopq.com\/tienda\/?post_type=product&#038;p=155"},"modified":"2024-03-21T15:50:38","modified_gmt":"2024-03-21T15:50:38","slug":"dispositivo-externo-de-captura-y-transmision-de-datos-imobile","status":"publish","type":"product","link":"https:\/\/innovopq.com\/tienda\/producto\/dispositivo-externo-de-captura-y-transmision-de-datos-imobile\/","title":{"rendered":"Dispositivo de transmisi\u00f3n de datos iMobile"},"content":{"rendered":"<p><strong>iMobile<\/strong>, dispositivo de captura y transmisi\u00f3n de datos<\/p>\n<p>Es un dispositivo electr\u00f3nico, que se conecta a una m\u00e1quina fiscal, permitiendo extraer los reportes Z contenidos en la memoria fiscal y transmitirlos al servidor del Sistema Centralizado de Facturaci\u00f3n Electr\u00f3nica.<\/p>\n<p>Est\u00e1 conformado por un hardware y un software que al conectarse entre el sistema de facturaci\u00f3n y una m\u00e1quina fiscal a trav\u00e9s del puerto serial, permite hacer la lectura de los datos contenidos en la memoria de trabajo, memoria fiscal y memoria de auditoria, generando un archivo con la informaci\u00f3n le\u00edda o extra\u00edda para luego enviarla v\u00eda internet al servidor del Sistema Centralizado de Facturaci\u00f3n Electr\u00f3nica.<\/p>\n<p>Especificaciones T\u00e9cnicas<\/p>\n<table border=\"0\">\n<tbody>\n<tr>\n<td><strong>Adaptador de corriente<\/strong><\/td>\n<td>Entrada: 100-240Vca, 50-60Hz.<br \/>\nSalida: 5Vcc \u00b15%, 3A.<\/td>\n<\/tr>\n<tr>\n<td><strong>Puertos de comunicaci\u00f3n<\/strong><\/td>\n<td>Puerto PC (Conector RJ11).<br \/>\nPuerto Printer PR (Conector RJ11 Exc\u00e9ntrico).<\/td>\n<\/tr>\n<tr>\n<td><strong>Memoria Interna<\/strong><\/td>\n<td>2 GByte.<\/td>\n<\/tr>\n<tr>\n<td><strong>Memoria interna de trabajo<\/strong><\/td>\n<td>256 Byte.<\/td>\n<\/tr>\n<tr>\n<td><strong>Sistema anti-tamper<\/strong><\/td>\n<td>Tornillo fiscal.<br \/>\nPrecinto fiscal.<\/td>\n<\/tr>\n<tr>\n<td><strong>Modelo iMobile-E<\/strong><\/td>\n<td>M\u00f3dulo de expansi\u00f3n o de comunicaci\u00f3n Ethernet (10\/100 Base-TX).<br \/>\n1 Puerto Ethernet WAN (Conector Ethernet de entrada).<br \/>\n1 Puerto Eternet LAN (Conector Ethernet de salida).<br \/>\nM\u00f3dulo de expansi\u00f3n o de comunicaci\u00f3n Wifi.<br \/>\n802.11b\/g\/n. Banda de 2.4GHz.<br \/>\n1 Antena Wifi S.R.W. &lt;= 2.0 @ 2400~2500 MHz.<br \/>\nTipos de Seguridad Soportados: WPA, WPA2, Open, WEP.<\/td>\n<\/tr>\n<tr>\n<td><strong>Protocolo de transmisi\u00f3n<\/strong><\/td>\n<td>Formato alternativo XML (HTTPS)<\/td>\n<\/tr>\n<tr>\n<td><strong>Dimensiones<\/strong><\/td>\n<td>92 x 145 x 35 mm (Ancho*Largo*Alto).<\/td>\n<\/tr>\n<tr>\n<td><strong>Peso<\/strong><\/td>\n<td>194 gramos.<\/td>\n<\/tr>\n<tr>\n<td><strong>Botones (2)<\/strong><\/td>\n<td>1 Pulsador de funci\u00f3n S1.<br \/>\n1 Pulsador de intervenci\u00f3n t\u00e9cnica RESET.<\/td>\n<\/tr>\n<tr>\n<td><strong>Led (7)<\/strong><\/td>\n<td>2 LEDs bicolores (\u00e1mbar\/verde).<br \/>\n5 LEDs Verdes.<\/td>\n<\/tr>\n<tr>\n<td><strong>Compatibilidad<\/strong><\/td>\n<td>ACLAS CR2100, CR2300, CR81FJ, CR68AFJ, PP9<br \/>\nBIXOLON SRP-812, SRP-350, SRP-280<br \/>\nDASCOM TALLY 1125, DT-230, 1140<br \/>\nFISCAT HKA80, HKA112<br \/>\nPANTUM P3100DL<br \/>\nSTAR HSP7000<\/td>\n<\/tr>\n<\/tbody>\n<\/table>\n","protected":false},"excerpt":{"rendered":"<p>Dispositivo externo de captura y transmisi\u00f3n de datos <strong>Imobile.<\/strong><\/p>\n","protected":false},"featured_media":156,"comment_status":"open","ping_status":"closed","template":"","meta":[],"product_brand":[],"product_cat":[31,32],"product_tag":[],"class_list":{"0":"post-155","1":"product","2":"type-product","3":"status-publish","4":"has-post-thumbnail","6":"product_cat-dispositivos","7":"product_cat-fiscales-dispositivos","9":"first","10":"onbackorder","11":"taxable","12":"shipping-taxable","13":"purchasable","14":"product-type-simple"},"_links":{"self":[{"href":"https:\/\/innovopq.com\/tienda\/wp-json\/wp\/v2\/product\/155","targetHints":{"allow":["GET"]}}],"collection":[{"href":"https:\/\/innovopq.com\/tienda\/wp-json\/wp\/v2\/product"}],"about":[{"href":"https:\/\/innovopq.com\/tienda\/wp-json\/wp\/v2\/types\/product"}],"replies":[{"embeddable":true,"href":"https:\/\/innovopq.com\/tienda\/wp-json\/wp\/v2\/comments?post=155"}],"wp:featuredmedia":[{"embeddable":true,"href":"https:\/\/innovopq.com\/tienda\/wp-json\/wp\/v2\/media\/156"}],"wp:attachment":[{"href":"https:\/\/innovopq.com\/tienda\/wp-json\/wp\/v2\/media?parent=155"}],"wp:term":[{"taxonomy":"product_brand","embeddable":true,"href":"https:\/\/innovopq.com\/tienda\/wp-json\/wp\/v2\/product_brand?post=155"},{"taxonomy":"product_cat","embeddable":true,"href":"https:\/\/innovopq.com\/tienda\/wp-json\/wp\/v2\/product_cat?post=155"},{"taxonomy":"product_tag","embeddable":true,"href":"https:\/\/innovopq.com\/tienda\/wp-json\/wp\/v2\/product_tag?post=155"}],"curies":[{"name":"wp","href":"https:\/\/api.w.org\/{rel}","templated":true}]}}