{"id":159,"date":"2024-02-22T20:50:46","date_gmt":"2024-02-22T20:50:46","guid":{"rendered":"https:\/\/innovopq.com\/tienda\/?post_type=product&#038;p=159"},"modified":"2024-02-22T21:31:48","modified_gmt":"2024-02-22T21:31:48","slug":"monitor-tactil-elo-1509l","status":"publish","type":"product","link":"https:\/\/innovopq.com\/tienda\/producto\/monitor-tactil-elo-1509l\/","title":{"rendered":"Monitor t\u00e1ctil <br> Elo 1509L"},"content":{"rendered":"<p>El monitor t\u00e1ctil LED panor\u00e1mico Elo 1509L de 15,6 pulgadas ofrece una soluci\u00f3n de bajo perfil y resistente para el comercio minorista con una construcci\u00f3n de vidrio puro para permitir una alta transmisi\u00f3n de luz sin comprometer la durabilidad o la funcionalidad. Disponible con onda ac\u00fastica de superficie (SAW) IntelliTouch que ofrece capacidad de un solo toque, el 1509 ha sido \u201cconstruido para el tacto\u201d y ofrece una soluci\u00f3n ideal para aplicaciones generales, incluidos entornos hoteleros y minoristas.<\/p>\n<p><strong>Especificaciones T\u00e9cnicas\u00a0<\/strong><\/p>\n<div class=\"component-specifications-a__section-item-link\">\n<div class=\"component-specifications-a__name-column\">\n<p class=\"component-specifications-a__text\"><strong>Part Number(s)<\/strong><\/p>\n<\/div>\n<div class=\"component-specifications-a__value-column\">\n<p class=\"component-specifications-a__text\">IntelliTouch &#8211; E534869.<\/p>\n<\/div>\n<\/div>\n<div class=\"component-specifications-a__section-item-link\">\n<div class=\"component-specifications-a__name-column\">\n<p class=\"component-specifications-a__text\"><strong>Enclosure Color<\/strong><\/p>\n<\/div>\n<div class=\"component-specifications-a__value-column\">\n<p class=\"component-specifications-a__text\">Black.<\/p>\n<\/div>\n<\/div>\n<div class=\"component-specifications-a__section-item-link\">\n<div class=\"component-specifications-a__name-column\">\n<p class=\"component-specifications-a__text\"><strong>Touch Technology &amp; Capacity<\/strong><\/p>\n<\/div>\n<div class=\"component-specifications-a__value-column\">\n<p class=\"component-specifications-a__text\">SAW (IntelliTouch\u00ae Surface Acoustic Wave) &#8211; Single Touch.<\/p>\n<\/div>\n<\/div>\n<div class=\"component-specifications-a__section-item-link\">\n<div class=\"component-specifications-a__name-column\">\n<p class=\"component-specifications-a__text\"><strong>Diagonal Size<\/strong><\/p>\n<\/div>\n<div class=\"component-specifications-a__value-column\">\n<p class=\"component-specifications-a__text\">15.6\u00bb diagonal, Active matrix TFT LCD (LED).<\/p>\n<\/div>\n<\/div>\n<div class=\"component-specifications-a__section-item-link\">\n<div class=\"component-specifications-a__name-column\">\n<p class=\"component-specifications-a__text\"><strong>Aspect Ratio<\/strong><\/p>\n<\/div>\n<div class=\"component-specifications-a__value-column\">\n<p class=\"component-specifications-a__text\">16:9.<\/p>\n<\/div>\n<\/div>\n<div class=\"component-specifications-a__section-item-link\">\n<div class=\"component-specifications-a__name-column\">\n<p class=\"component-specifications-a__text\"><strong>Active Area<\/strong><\/p>\n<\/div>\n<div class=\"component-specifications-a__value-column\">\n<p class=\"component-specifications-a__text\">13.4&#8243; x 7.6&#8243; \/ 344mm x 194mm.<\/p>\n<\/div>\n<\/div>\n<div class=\"component-specifications-a__section-item-link\">\n<div class=\"component-specifications-a__name-column\">\n<p class=\"component-specifications-a__text\"><strong>Resolution<\/strong><\/p>\n<\/div>\n<div class=\"component-specifications-a__value-column\">\n<p class=\"component-specifications-a__text\">1366 x 768.<\/p>\n<\/div>\n<\/div>\n<div class=\"component-specifications-a__section-item-link\">\n<div class=\"component-specifications-a__name-column\">\n<p class=\"component-specifications-a__text\"><strong>Other Supported Resolutions<\/strong><\/p>\n<\/div>\n<div class=\"component-specifications-a__value-column\">\n<p class=\"component-specifications-a__text\">640 x 480 at 60Hz.<br \/>\n800 x 600 at 60Hz.<br \/>\n1024 x 768 at 60Hz.<br \/>\n1280 x 800 at 60, 60RB Hz.<br \/>\n1280 x 960 at 60Hz.<br \/>\n1280 x 1024 at 60Hz.<br \/>\n1360 x 768 at 60Hz.<br \/>\n1366 x 768 at 60, 60RB Hz.<\/p>\n<\/div>\n<\/div>\n<div class=\"component-specifications-a__section-item-link\">\n<div class=\"component-specifications-a__name-column\">\n<p class=\"component-specifications-a__text\"><strong>Viewing Angle<\/strong><\/p>\n<\/div>\n<div class=\"component-specifications-a__value-column\">\n<p class=\"component-specifications-a__text\">Horizontal: \u00b145\u00b0 \/ Vertical: +15\u00b0, -35\u00b0.<\/p>\n<\/div>\n<\/div>\n<div class=\"component-specifications-a__section-item-link\">\n<div class=\"component-specifications-a__name-column\">\n<p class=\"component-specifications-a__text\"><strong>Number of Colors<\/strong><\/p>\n<\/div>\n<div class=\"component-specifications-a__value-column\">\n<p class=\"component-specifications-a__text\">16.7 million.<\/p>\n<\/div>\n<\/div>\n<div class=\"component-specifications-a__section-item-link\">\n<div class=\"component-specifications-a__name-column\">\n<p class=\"component-specifications-a__text\"><strong>Brightness (typical)<\/strong><\/p>\n<\/div>\n<div class=\"component-specifications-a__value-column\">\n<p class=\"component-specifications-a__text\">LCD Panel: 220.<br \/>\nIntelliTouch: 180 nits.<\/p>\n<\/div>\n<\/div>\n<div class=\"component-specifications-a__section-item-link\">\n<div class=\"component-specifications-a__name-column\">\n<p class=\"component-specifications-a__text\"><strong>Response Time-total (typical)<\/strong><\/p>\n<\/div>\n<div class=\"component-specifications-a__value-column\">\n<p class=\"component-specifications-a__text\">8 msec.<\/p>\n<\/div>\n<\/div>\n<div class=\"component-specifications-a__section-item-link\">\n<div class=\"component-specifications-a__name-column\">\n<p class=\"component-specifications-a__text\"><strong>Contrast Ratio<\/strong><\/p>\n<\/div>\n<div class=\"component-specifications-a__value-column\">\n<p class=\"component-specifications-a__text\">400:1.<\/p>\n<\/div>\n<\/div>\n<div class=\"component-specifications-a__section-item-link\">\n<div class=\"component-specifications-a__name-column\">\n<p class=\"component-specifications-a__text\"><strong>Input Video Format<\/strong><\/p>\n<\/div>\n<div class=\"component-specifications-a__value-column\">\n<p class=\"component-specifications-a__text\">Analog VGA on Female DB-15 connector.<\/p>\n<\/div>\n<\/div>\n<div class=\"component-specifications-a__section-item-link\">\n<div class=\"component-specifications-a__name-column\">\n<p class=\"component-specifications-a__text\">Input Video Signal Connector.<\/p>\n<\/div>\n<div class=\"component-specifications-a__value-column\">\n<p class=\"component-specifications-a__text\">Mini D-sub 15-pin VGA type.<\/p>\n<\/div>\n<\/div>\n<div class=\"component-specifications-a__section-item-link\">\n<div class=\"component-specifications-a__name-column\">\n<p class=\"component-specifications-a__text\"><strong>Input Video Frequency<\/strong><\/p>\n<\/div>\n<div class=\"component-specifications-a__value-column\">\n<p class=\"component-specifications-a__text\">Horizontal: 30 &#8211; 80 KHz.<br \/>\nVertical: 60 Hz.<\/p>\n<\/div>\n<\/div>\n<div class=\"component-specifications-a__section-item-link\">\n<div class=\"component-specifications-a__name-column\">\n<p class=\"component-specifications-a__text\">Touch Interface.<\/p>\n<\/div>\n<div class=\"component-specifications-a__value-column\">\n<p class=\"component-specifications-a__text\">USB.<\/p>\n<\/div>\n<\/div>\n<div class=\"component-specifications-a__section-item-link\">\n<div class=\"component-specifications-a__name-column\">\n<p class=\"component-specifications-a__text\"><strong>Power Supply<\/strong><\/p>\n<\/div>\n<div class=\"component-specifications-a__value-column\">\n<p class=\"component-specifications-a__text\">AC-DC power adapter.<\/p>\n<\/div>\n<\/div>\n<div class=\"component-specifications-a__section-item-link\">\n<div class=\"component-specifications-a__name-column\">\n<p class=\"component-specifications-a__text\"><strong>Input Voltage<\/strong><\/p>\n<\/div>\n<div class=\"component-specifications-a__value-column\">\n<p class=\"component-specifications-a__text\">12VDC +\/- 5%; 100-240VAC, 50\/60Hz.<\/p>\n<\/div>\n<\/div>\n<div class=\"component-specifications-a__section-item-link\">\n<div class=\"component-specifications-a__name-column\">\n<p class=\"component-specifications-a__text\"><strong>Input Connector<\/strong><\/p>\n<\/div>\n<div class=\"component-specifications-a__value-column\">\n<p class=\"component-specifications-a__text\">Coaxial power jack (2mm pin outer diameter, 6.4mm barrel inner diameter).<\/p>\n<\/div>\n<\/div>\n<div class=\"component-specifications-a__section-item-link\">\n<div class=\"component-specifications-a__name-column\">\n<p class=\"component-specifications-a__text\"><strong>Adapter Input Connector<\/strong><\/p>\n<\/div>\n<div class=\"component-specifications-a__value-column\">\n<p class=\"component-specifications-a__text\">IEC 60320 C14.<\/p>\n<\/div>\n<\/div>\n<div class=\"component-specifications-a__section-item-link\">\n<div class=\"component-specifications-a__name-column\">\n<p class=\"component-specifications-a__text\"><strong>Adapter Input Voltage Range<\/strong><\/p>\n<\/div>\n<div class=\"component-specifications-a__value-column\">\n<p class=\"component-specifications-a__text\">100-240VAC, 50\/60Hz.<\/p>\n<\/div>\n<\/div>\n<div class=\"component-specifications-a__section-item-link\">\n<div class=\"component-specifications-a__name-column\">\n<p class=\"component-specifications-a__text\"><strong>Power Consumption (Typical)<\/strong><\/p>\n<\/div>\n<div class=\"component-specifications-a__value-column\">\n<p class=\"component-specifications-a__text\">ON (monitor only): 8.1W.<br \/>\nSLEEP (monitor + AC\/DC adapter at 230V\/50Hz): 1.44W.<br \/>\nOFF (monitor + AC\/DC adapter at 230V\/50Hz): 0.56W.<\/p>\n<\/div>\n<\/div>\n<div class=\"component-specifications-a__section-item-link\">\n<div class=\"component-specifications-a__name-column\">\n<p class=\"component-specifications-a__text\"><strong>Monitor Dimensions (with Stand)<\/strong><\/p>\n<\/div>\n<div class=\"component-specifications-a__value-column\">\n<p class=\"component-specifications-a__text\">15.4&#8243; x 9.5&#8243; x 11.4&#8243; \/ 392.2 mm x 241.5 mm x 288.3 mm.<\/p>\n<\/div>\n<\/div>\n<div class=\"component-specifications-a__section-item-link\">\n<div class=\"component-specifications-a__name-column\"><\/div>\n<\/div>\n<div class=\"component-specifications-a__section-item-link\">\n<div class=\"component-specifications-a__value-column\">\n<p class=\"component-specifications-a__text\">\n<\/div>\n<\/div>\n","protected":false},"excerpt":{"rendered":"<p>Monitor T\u00e1ctil ELO 1509L<\/p>\n","protected":false},"featured_media":163,"comment_status":"open","ping_status":"closed","template":"","meta":[],"product_brand":[],"product_cat":[35,33,34],"product_tag":[],"class_list":{"0":"post-159","1":"product","2":"type-product","3":"status-publish","4":"has-post-thumbnail","6":"product_cat-equipos-pos","7":"product_cat-monitores","8":"product_cat-tactiles","10":"first","11":"instock","12":"sale","13":"taxable","14":"shipping-taxable","15":"purchasable","16":"product-type-simple"},"_links":{"self":[{"href":"https:\/\/innovopq.com\/tienda\/wp-json\/wp\/v2\/product\/159","targetHints":{"allow":["GET"]}}],"collection":[{"href":"https:\/\/innovopq.com\/tienda\/wp-json\/wp\/v2\/product"}],"about":[{"href":"https:\/\/innovopq.com\/tienda\/wp-json\/wp\/v2\/types\/product"}],"replies":[{"embeddable":true,"href":"https:\/\/innovopq.com\/tienda\/wp-json\/wp\/v2\/comments?post=159"}],"wp:featuredmedia":[{"embeddable":true,"href":"https:\/\/innovopq.com\/tienda\/wp-json\/wp\/v2\/media\/163"}],"wp:attachment":[{"href":"https:\/\/innovopq.com\/tienda\/wp-json\/wp\/v2\/media?parent=159"}],"wp:term":[{"taxonomy":"product_brand","embeddable":true,"href":"https:\/\/innovopq.com\/tienda\/wp-json\/wp\/v2\/product_brand?post=159"},{"taxonomy":"product_cat","embeddable":true,"href":"https:\/\/innovopq.com\/tienda\/wp-json\/wp\/v2\/product_cat?post=159"},{"taxonomy":"product_tag","embeddable":true,"href":"https:\/\/innovopq.com\/tienda\/wp-json\/wp\/v2\/product_tag?post=159"}],"curies":[{"name":"wp","href":"https:\/\/api.w.org\/{rel}","templated":true}]}}