{"id":179,"date":"2024-02-22T22:35:15","date_gmt":"2024-02-22T22:35:15","guid":{"rendered":"https:\/\/innovopq.com\/tienda\/?post_type=product&#038;p=179"},"modified":"2024-03-18T14:08:15","modified_gmt":"2024-03-18T14:08:15","slug":"lector-de-codigo-de-barra-3ns-sc505","status":"publish","type":"product","link":"https:\/\/innovopq.com\/tienda\/producto\/lector-de-codigo-de-barra-3ns-sc505\/","title":{"rendered":"Lector de c\u00f3digos de barra 3nStar SC505"},"content":{"rendered":"<p>Esc\u00e1ner de c\u00f3digos de barras port\u00e1til <strong>3nStar 2D<\/strong> con base y Autosense <strong>(SC505)<\/strong><\/p>\n<p>Omnidireccional: proporciona escaneo como un beneficio adicional para las aplicaciones de presentaci\u00f3n manual.<br \/>\nCabezal de escaneo ajustable: capacidad de inclinar el esc\u00e1ner 40 grados para escanear espec\u00edficamente o productos m\u00e1s grandes.<br \/>\nOperaci\u00f3n de escaneo autom\u00e1tico: simplemente presente un c\u00f3digo de barras y la unidad escanea en una sola pasada.<\/p>\n<div class=\"rte__table-wrapper\">\n<table class=\"compare_featured_fields shop_attributes\">\n<tbody>\n<tr>\n<th><span class=\"compare_featured_name\">Material<\/span><\/th>\n<td width=\"60%\">\n<div class=\"compare_featured_value\">ABS + PC<\/div>\n<\/td>\n<\/tr>\n<tr>\n<th><span class=\"compare_featured_name\">Cable<\/span><\/th>\n<td>\n<div class=\"compare_featured_value\">Standard 2M straight<\/div>\n<\/td>\n<\/tr>\n<tr>\n<th><span class=\"compare_featured_name\">Scan Rate<\/span><\/th>\n<td>\n<div class=\"compare_featured_value\">60 frame per second<\/div>\n<\/td>\n<\/tr>\n<tr>\n<th><span class=\"compare_featured_name\">Depth of field<\/span><\/th>\n<td>\n<div class=\"compare_featured_value\">0-200mm @ (13mil UPC\/EAN 100%, PCS=90%)<\/div>\n<\/td>\n<\/tr>\n<tr>\n<th><span class=\"compare_featured_name\">Antiknock design<\/span><\/th>\n<td>\n<div class=\"compare_featured_value\">Withstand 1.5 m (5 ft.) drops<\/div>\n<\/td>\n<\/tr>\n<tr>\n<th><span class=\"compare_featured_name\">Print Contrast<\/span><\/th>\n<td>\n<div class=\"compare_featured_value\">15% @ UPC\/EAN 100% (13 mil)<\/div>\n<\/td>\n<\/tr>\n<tr>\n<th><span class=\"compare_featured_name\">Minimum Resolution<\/span><\/th>\n<td>\n<div class=\"compare_featured_value\">1D: 4mil, 2D: 8mil<\/div>\n<\/td>\n<\/tr>\n<tr>\n<th><span class=\"compare_featured_name\">Light Source<\/span><\/th>\n<td>\n<div class=\"compare_featured_value\">Red LED<\/div>\n<\/td>\n<\/tr>\n<tr>\n<th><span class=\"compare_featured_name\">Decode Capabilities 1D<\/span><\/th>\n<td>\n<div class=\"compare_featured_value\">UPC\uff0cEAN\uff0cCode 39 (with full ASCII)\uff0cCodabar\uff0cCode 128\uff0cCode 93\uff0cCode 11\uff0cInterleaved 2 of 5\uff0cMSI Plessy, GS1 DataBarChina Postal\uff0cetc<\/div>\n<\/td>\n<\/tr>\n<tr>\n<th><span class=\"compare_featured_name\">Decode Capabilities 2D<\/span><\/th>\n<td>\n<div class=\"compare_featured_value\">PDF417\uff0cMicroPDF417\uff0cData Matrix\uff0cQR Code\uff0cMicroQR\uff0cOthers<\/div>\n<\/td>\n<\/tr>\n<tr>\n<th><span class=\"compare_featured_name\">Operating Temperature<\/span><\/th>\n<td>\n<div class=\"compare_featured_value\">0\u00b0C to 50\u00b0C (32\u00b0F to 122\u00b0F)<\/div>\n<\/td>\n<\/tr>\n<tr>\n<th><span class=\"compare_featured_name\">Storage Temperature<\/span><\/th>\n<td>\n<div class=\"compare_featured_value\">-30\u00b0C to 70\u00b0C (-22\u00b0F to 158\u00b0F)<\/div>\n<\/td>\n<\/tr>\n<tr>\n<th><span class=\"compare_featured_name\">Humidity<\/span><\/th>\n<td>\n<div class=\"compare_featured_value\">5% to 90% relative humidity, non-condensing<\/div>\n<\/td>\n<\/tr>\n<tr>\n<th><span class=\"compare_featured_name\">Size and Weight<\/span><\/th>\n<td>\n<div class=\"compare_featured_value\">148mm(H) x 100mm(L) x 110mm(W) &#8211; 348g (scanner only)<\/div>\n<\/td>\n<\/tr>\n<\/tbody>\n<\/table>\n<\/div>\n","protected":false},"excerpt":{"rendered":"<p>Esc\u00e1ner de c\u00f3digos de barras port\u00e1til <strong>3nStar 2D<\/strong> con base y Autosense <strong>(SC505)<\/strong><\/p>\n","protected":false},"featured_media":180,"comment_status":"open","ping_status":"closed","template":"","meta":[],"product_brand":[],"product_cat":[35,38],"product_tag":[],"class_list":{"0":"post-179","1":"product","2":"type-product","3":"status-publish","4":"has-post-thumbnail","6":"product_cat-equipos-pos","7":"product_cat-lectores-de-codigo","9":"first","10":"instock","11":"sale","12":"taxable","13":"shipping-taxable","14":"purchasable","15":"product-type-simple"},"_links":{"self":[{"href":"https:\/\/innovopq.com\/tienda\/wp-json\/wp\/v2\/product\/179","targetHints":{"allow":["GET"]}}],"collection":[{"href":"https:\/\/innovopq.com\/tienda\/wp-json\/wp\/v2\/product"}],"about":[{"href":"https:\/\/innovopq.com\/tienda\/wp-json\/wp\/v2\/types\/product"}],"replies":[{"embeddable":true,"href":"https:\/\/innovopq.com\/tienda\/wp-json\/wp\/v2\/comments?post=179"}],"wp:featuredmedia":[{"embeddable":true,"href":"https:\/\/innovopq.com\/tienda\/wp-json\/wp\/v2\/media\/180"}],"wp:attachment":[{"href":"https:\/\/innovopq.com\/tienda\/wp-json\/wp\/v2\/media?parent=179"}],"wp:term":[{"taxonomy":"product_brand","embeddable":true,"href":"https:\/\/innovopq.com\/tienda\/wp-json\/wp\/v2\/product_brand?post=179"},{"taxonomy":"product_cat","embeddable":true,"href":"https:\/\/innovopq.com\/tienda\/wp-json\/wp\/v2\/product_cat?post=179"},{"taxonomy":"product_tag","embeddable":true,"href":"https:\/\/innovopq.com\/tienda\/wp-json\/wp\/v2\/product_tag?post=179"}],"curies":[{"name":"wp","href":"https:\/\/api.w.org\/{rel}","templated":true}]}}