{"id":215,"date":"2024-02-26T21:54:59","date_gmt":"2024-02-26T21:54:59","guid":{"rendered":"https:\/\/innovopq.com\/tienda\/?post_type=product&#038;p=215"},"modified":"2024-03-18T18:27:54","modified_gmt":"2024-03-18T18:27:54","slug":"pc-refurbished-core-i5-8gb-ram-240gb-ssd","status":"publish","type":"product","link":"https:\/\/innovopq.com\/tienda\/producto\/pc-refurbished-core-i5-8gb-ram-240gb-ssd\/","title":{"rendered":"PC Refurbished Core I5<br>8Gb RAM, 240Gb SSD"},"content":{"rendered":"<p>Equipo PC Refurbished de alta gama, con excelentes caracter\u00edsticas, ideales para trabajo de oficina, puntos de venta, manejo de sistemas administrativos y ofim\u00e1tica en general, con 3 meses de garant\u00eda.<\/p>\n<p><strong>Especificaciones T\u00e9cnicas<\/strong><\/p>\n<ul>\n<li>Procesador Core I5 de 6.\u00aa generaci\u00f3n.<\/li>\n<li>8 GB de memoria RAM DDR4.<\/li>\n<li>240 GB de almacenamiento de disco s\u00f3lido tipo SSD.<\/li>\n<li>Fuente de poder 500 Watts.<\/li>\n<li>Case tipo slim.<\/li>\n<li>Monitor 19&#8242;, marca Dell, AOC, Acer o HP.<\/li>\n<li>Windows 10 Pro 64 bits.<\/li>\n<\/ul>\n","protected":false},"excerpt":{"rendered":"<p>Equipo PC Refurbished Core I5 6ta Gen, 8Gb DDR4, 240GB SSD.<\/p>\n","protected":false},"featured_media":223,"comment_status":"open","ping_status":"closed","template":"","meta":[],"product_brand":[],"product_cat":[40],"product_tag":[],"class_list":{"0":"post-215","1":"product","2":"type-product","3":"status-publish","4":"has-post-thumbnail","6":"product_cat-computadoras","8":"first","9":"instock","10":"sale","11":"taxable","12":"shipping-taxable","13":"purchasable","14":"product-type-simple"},"_links":{"self":[{"href":"https:\/\/innovopq.com\/tienda\/wp-json\/wp\/v2\/product\/215","targetHints":{"allow":["GET"]}}],"collection":[{"href":"https:\/\/innovopq.com\/tienda\/wp-json\/wp\/v2\/product"}],"about":[{"href":"https:\/\/innovopq.com\/tienda\/wp-json\/wp\/v2\/types\/product"}],"replies":[{"embeddable":true,"href":"https:\/\/innovopq.com\/tienda\/wp-json\/wp\/v2\/comments?post=215"}],"wp:featuredmedia":[{"embeddable":true,"href":"https:\/\/innovopq.com\/tienda\/wp-json\/wp\/v2\/media\/223"}],"wp:attachment":[{"href":"https:\/\/innovopq.com\/tienda\/wp-json\/wp\/v2\/media?parent=215"}],"wp:term":[{"taxonomy":"product_brand","embeddable":true,"href":"https:\/\/innovopq.com\/tienda\/wp-json\/wp\/v2\/product_brand?post=215"},{"taxonomy":"product_cat","embeddable":true,"href":"https:\/\/innovopq.com\/tienda\/wp-json\/wp\/v2\/product_cat?post=215"},{"taxonomy":"product_tag","embeddable":true,"href":"https:\/\/innovopq.com\/tienda\/wp-json\/wp\/v2\/product_tag?post=215"}],"curies":[{"name":"wp","href":"https:\/\/api.w.org\/{rel}","templated":true}]}}