{"id":333,"date":"2024-03-18T15:09:10","date_gmt":"2024-03-18T15:09:10","guid":{"rendered":"https:\/\/innovopq.com\/tienda\/?post_type=product&#038;p=333"},"modified":"2024-03-18T15:09:11","modified_gmt":"2024-03-18T15:09:11","slug":"lector-de-codigos-de-barra-3nstar-sc550","status":"publish","type":"product","link":"https:\/\/innovopq.com\/tienda\/producto\/lector-de-codigos-de-barra-3nstar-sc550\/","title":{"rendered":"Lector de c\u00f3digos de barra 3nStar SC550"},"content":{"rendered":"<p><strong>Omnidireccional:<\/strong>\u00a0 Provee mayor flexibilidad y capacidad de adaptaci\u00f3n a los productos, que los populares lectores de mano.<\/p>\n<p><strong>Gran capacidad de lectura:<\/strong>\u00a0\u00a0 Rendimiento de escaneo excepcional en c\u00f3digos de barras 1D y 2D, adem\u00e1s de la capacidad de leer pantallas de tel\u00e9fonos inteligentes, billeteras digitales y tarjetas de identificaci\u00f3n impresas.<\/p>\n<p><strong>Activaci\u00f3n autom\u00e1tica:<\/strong>\u00a0\u00a0 Con solo presentar el producto ante el lector, este se activa, facilitando as\u00ed la operaci\u00f3n.<\/p>\n","protected":false},"excerpt":{"rendered":"<p>3nStar SC550<\/p>\n","protected":false},"featured_media":336,"comment_status":"open","ping_status":"closed","template":"","meta":[],"product_brand":[],"product_cat":[35,38],"product_tag":[],"class_list":{"0":"post-333","1":"product","2":"type-product","3":"status-publish","4":"has-post-thumbnail","6":"product_cat-equipos-pos","7":"product_cat-lectores-de-codigo","9":"first","10":"instock","11":"sale","12":"taxable","13":"shipping-taxable","14":"purchasable","15":"product-type-simple"},"_links":{"self":[{"href":"https:\/\/innovopq.com\/tienda\/wp-json\/wp\/v2\/product\/333","targetHints":{"allow":["GET"]}}],"collection":[{"href":"https:\/\/innovopq.com\/tienda\/wp-json\/wp\/v2\/product"}],"about":[{"href":"https:\/\/innovopq.com\/tienda\/wp-json\/wp\/v2\/types\/product"}],"replies":[{"embeddable":true,"href":"https:\/\/innovopq.com\/tienda\/wp-json\/wp\/v2\/comments?post=333"}],"wp:featuredmedia":[{"embeddable":true,"href":"https:\/\/innovopq.com\/tienda\/wp-json\/wp\/v2\/media\/336"}],"wp:attachment":[{"href":"https:\/\/innovopq.com\/tienda\/wp-json\/wp\/v2\/media?parent=333"}],"wp:term":[{"taxonomy":"product_brand","embeddable":true,"href":"https:\/\/innovopq.com\/tienda\/wp-json\/wp\/v2\/product_brand?post=333"},{"taxonomy":"product_cat","embeddable":true,"href":"https:\/\/innovopq.com\/tienda\/wp-json\/wp\/v2\/product_cat?post=333"},{"taxonomy":"product_tag","embeddable":true,"href":"https:\/\/innovopq.com\/tienda\/wp-json\/wp\/v2\/product_tag?post=333"}],"curies":[{"name":"wp","href":"https:\/\/api.w.org\/{rel}","templated":true}]}}