{"id":339,"date":"2024-03-18T15:30:58","date_gmt":"2024-03-18T15:30:58","guid":{"rendered":"https:\/\/innovopq.com\/tienda\/?post_type=product&#038;p=339"},"modified":"2024-03-18T15:33:55","modified_gmt":"2024-03-18T15:33:55","slug":"lector-de-tarjetas-de-banda-magnetica-3nstar","status":"publish","type":"product","link":"https:\/\/innovopq.com\/tienda\/producto\/lector-de-tarjetas-de-banda-magnetica-3nstar\/","title":{"rendered":"Lector de tarjetas de banda magn\u00e9tica 3nStar"},"content":{"rendered":"<p>El MSR003 de 3nStar es un lector de banda magn\u00e9tica que lee y captura data de las tres pistas presentes normalmente en las bandas magn\u00e9ticas de tarjetas de cr\u00e9dito y d\u00e9bito. Lee la banda magn\u00e9tica de forma bidireccional, es decir que puede ser desplazada de adelante hacia atr\u00e1s o viceversa, a una velocidad de 120cm por segundo.<\/p>\n<p>El lector posee un led indicador que se enciende en color rojo alertando al usuario que se ha producido un error en la lectura de la tarjeta. El lector posee unas cintas adhesivas que pueden ser usadas para fijarlo a un mostrador u otra superficie.<\/p>\n<p><strong>Caracter\u00edsticas<\/strong><\/p>\n<ul>\n<li>El lector de tarjetas magn\u00e9ticas de tres pistas se puede utilizar para deslizar y leer la banda magn\u00e9tica en la parte posterior de una tarjeta de cr\u00e9dito o d\u00e9bito u otra tarjeta de banda magn\u00e9tica.<\/li>\n<li>El lector de tarjetas magn\u00e9ticas de tres pistas se puede utilizar para deslizar y leer la banda magn\u00e9tica en la parte posterior de una tarjeta de cr\u00e9dito o d\u00e9bito u otra tarjeta de banda magn\u00e9tica.<\/li>\n<li>El cable USB incorporado de 5,25\u2032 se puede conectar a un ordenador o a un sistema host para transmitir datos de la tarjeta y alimentar al lector.<\/li>\n<li>Pesa 76 g. con el cable del USB; mide 27,5 mm x 27,5 mm x 90 mm (alto x ancho x profundidad).<\/li>\n<\/ul>\n","protected":false},"excerpt":{"rendered":"<p>Lector de tarjetas de banda magn\u00e9tica 3nStar MSR003<\/p>\n<h2 class=\"elementor-heading-title elementor-size-default\"><\/h2>\n","protected":false},"featured_media":341,"comment_status":"open","ping_status":"closed","template":"","meta":[],"product_brand":[],"product_cat":[35,47],"product_tag":[],"class_list":{"0":"post-339","1":"product","2":"type-product","3":"status-publish","4":"has-post-thumbnail","6":"product_cat-equipos-pos","7":"product_cat-lectores-de-banda-magnetica","9":"first","10":"instock","11":"sale","12":"taxable","13":"shipping-taxable","14":"purchasable","15":"product-type-simple"},"_links":{"self":[{"href":"https:\/\/innovopq.com\/tienda\/wp-json\/wp\/v2\/product\/339","targetHints":{"allow":["GET"]}}],"collection":[{"href":"https:\/\/innovopq.com\/tienda\/wp-json\/wp\/v2\/product"}],"about":[{"href":"https:\/\/innovopq.com\/tienda\/wp-json\/wp\/v2\/types\/product"}],"replies":[{"embeddable":true,"href":"https:\/\/innovopq.com\/tienda\/wp-json\/wp\/v2\/comments?post=339"}],"wp:featuredmedia":[{"embeddable":true,"href":"https:\/\/innovopq.com\/tienda\/wp-json\/wp\/v2\/media\/341"}],"wp:attachment":[{"href":"https:\/\/innovopq.com\/tienda\/wp-json\/wp\/v2\/media?parent=339"}],"wp:term":[{"taxonomy":"product_brand","embeddable":true,"href":"https:\/\/innovopq.com\/tienda\/wp-json\/wp\/v2\/product_brand?post=339"},{"taxonomy":"product_cat","embeddable":true,"href":"https:\/\/innovopq.com\/tienda\/wp-json\/wp\/v2\/product_cat?post=339"},{"taxonomy":"product_tag","embeddable":true,"href":"https:\/\/innovopq.com\/tienda\/wp-json\/wp\/v2\/product_tag?post=339"}],"curies":[{"name":"wp","href":"https:\/\/api.w.org\/{rel}","templated":true}]}}