{"id":357,"date":"2024-03-19T17:23:38","date_gmt":"2024-03-19T17:23:38","guid":{"rendered":"https:\/\/innovopq.com\/tienda\/?post_type=product&#038;p=357"},"modified":"2024-03-19T19:28:48","modified_gmt":"2024-03-19T19:28:48","slug":"lector-adavnced-si-100","status":"publish","type":"product","link":"https:\/\/innovopq.com\/tienda\/producto\/lector-adavnced-si-100\/","title":{"rendered":"Lector de c\u00f3digos de barra Adavnced SI-100"},"content":{"rendered":"<p>ESPECIFICACIONES<\/p>\n<p><strong>CPU:<\/strong> 32Bits.<\/p>\n<p><strong>Velocidad de Escaneo:<\/strong>\u00a0\u00a0 300 scan x seg.<\/p>\n<p><strong>Sensor:<\/strong>\u00a0 CMOS.<\/p>\n<p><strong>Tipo de conexi\u00f3n:<\/strong> USB.<\/p>\n<p><strong>Modo de Uso:<\/strong> Gatillo, auto escaneo, modo continuo.<\/p>\n<p><strong>Peso del producto:<\/strong> \u200e0.34 Kg.<\/p>\n<p><strong>Material externo:<\/strong> Pl\u00e1stico ABS.<\/p>\n<p><strong>Programaci\u00f3n:<\/strong> Plug &amp; play o manual.<\/p>\n<p><strong>Color:<\/strong> Negro.<\/p>\n<p><strong>Simbolog\u00eda de Lecturas que soporta:<\/strong> 1D: EAN, UPC, c\u00f3digo 39, c\u00f3digo 93, c\u00f3digo 9, c\u00f3digo 128, c\u00f3digo 128, UCC\/E. AN 128, Codabar, Intercalado 2 de 5, ITF-6, ITF-14, ISBN, ISSN, MSI-Plessey, GS1 Databar, Code 11, Industrial 25, Matrix 2 de 5, etc. C\u00f3digos de barras 2D: QR, DataMatrix, PDF417<\/p>\n<p><strong>Fuente de Alimentaci\u00f3n:<\/strong> USB.<\/p>\n<p><strong>Protecci\u00f3n IP:<\/strong> IP54.<\/p>\n","protected":false},"excerpt":{"rendered":"<p>Lector Adavnced 1D\/2D SI-100<\/p>\n","protected":false},"featured_media":358,"comment_status":"open","ping_status":"closed","template":"","meta":[],"product_brand":[],"product_cat":[35,38],"product_tag":[],"class_list":{"0":"post-357","1":"product","2":"type-product","3":"status-publish","4":"has-post-thumbnail","6":"product_cat-equipos-pos","7":"product_cat-lectores-de-codigo","9":"first","10":"instock","11":"sale","12":"taxable","13":"shipping-taxable","14":"purchasable","15":"product-type-simple"},"_links":{"self":[{"href":"https:\/\/innovopq.com\/tienda\/wp-json\/wp\/v2\/product\/357","targetHints":{"allow":["GET"]}}],"collection":[{"href":"https:\/\/innovopq.com\/tienda\/wp-json\/wp\/v2\/product"}],"about":[{"href":"https:\/\/innovopq.com\/tienda\/wp-json\/wp\/v2\/types\/product"}],"replies":[{"embeddable":true,"href":"https:\/\/innovopq.com\/tienda\/wp-json\/wp\/v2\/comments?post=357"}],"wp:featuredmedia":[{"embeddable":true,"href":"https:\/\/innovopq.com\/tienda\/wp-json\/wp\/v2\/media\/358"}],"wp:attachment":[{"href":"https:\/\/innovopq.com\/tienda\/wp-json\/wp\/v2\/media?parent=357"}],"wp:term":[{"taxonomy":"product_brand","embeddable":true,"href":"https:\/\/innovopq.com\/tienda\/wp-json\/wp\/v2\/product_brand?post=357"},{"taxonomy":"product_cat","embeddable":true,"href":"https:\/\/innovopq.com\/tienda\/wp-json\/wp\/v2\/product_cat?post=357"},{"taxonomy":"product_tag","embeddable":true,"href":"https:\/\/innovopq.com\/tienda\/wp-json\/wp\/v2\/product_tag?post=357"}],"curies":[{"name":"wp","href":"https:\/\/api.w.org\/{rel}","templated":true}]}}